{"id":1500,"date":"2023-10-10T07:30:04","date_gmt":"2023-10-10T07:30:04","guid":{"rendered":"https:\/\/www.segellexpres.com\/desarrollo\/?post_type=product&#038;p=1500"},"modified":"2023-10-10T07:36:57","modified_gmt":"2023-10-10T07:36:57","slug":"precinto-pr6-2-bridas-para-la-norma-del-iberico","status":"publish","type":"product","link":"https:\/\/www.segellexpres.com\/desarrollo\/producto\/precinto-pr6-2-bridas-para-la-norma-del-iberico\/","title":{"rendered":"PRECINTO PR6.2 &#8211; Bridas para la norma del ib\u00e9rico"},"content":{"rendered":"<p>Precinto N\u00ba 6 individuales, para identificar los jamones, embutidos&#8230;.TODA LA TRAZABILIDAD de las piezas.<\/p>\n<p>PERFECTOS PARA CUMPLIMENTAR LA NORMA DEL IB\u00c9RICO 1\/2014<\/p>\n<p>Con posibilidad de personalizar con su logotipo, numeraci\u00f3n correlativa o especial, c\u00f3digo de barras en anverso y reverso. Todo ello de forma imborrable.<br \/>\nAPTO PARA TODO EL PROCESO DE SALACI\u00d3N DESDE LA MATANZA, INCLUIDO EL C\u00d3DIGO DE BARRAS E IMPRESO A DOS CARAS.<\/p>\n<p>Personalizados en termograf\u00eda, inyecci\u00f3n, tampograf\u00eda&#8230;\u00a0<strong><em>Y AHORA MARCADOS CON L\u00c1SER, que no puede ser borrado.<\/em><\/strong><\/p>\n<p>Apto para todo el proceso de salaci\u00f3n de los jamones y embutidos.\u00a0<strong>TRAZABILIDAD.<\/strong><br \/>\nCon gran resistencia a los cambios de temperatura.<br \/>\nSomos fabricantes. Sistema patentado.<\/p>\n<p><strong>USOS PRECINTO\/BRIDA<\/strong><\/p>\n<p>Bridas para la norma del ib\u00e9rico<\/p>\n<p>Bridas para producto fuera de norma<\/p>\n<p>Bridas de seguridad para jamones<\/p>\n<p>Bridas de trazabilidad<\/p>\n<p>Bridas para uso alimentario, para jamones, pieles, cabezas, cueros, lomos, bidones, mataderos, salas de despiece, camiones, lomos, pescados, paleta ib\u00e9rica, lomo ib\u00e9rico, jam\u00f3n ib\u00e9rico<\/p>\n<p>Bridas Precintos homologados aptos para alimentaci\u00f3n, para el sector de la carne<\/p>\n<p>Bridas de pl\u00e1stico<\/p>\n<p><strong>Caracter\u00edsticas:<\/strong><\/p>\n<ul>\n<li>Inyectado: Pl\u00e1stico con aptitud alimentaria.<\/li>\n<li>Medidas: Tira 320 mm, cartela 45&#215;20 mm.<\/li>\n<li>Disponibles en varios colores blanco, negro, rojo, azul, amarillo, verde, naranja, oro y plata.<\/li>\n<li>Solicitar la ficha t\u00e9cnica sanitaria.<\/li>\n<li>Fabricado con materiales aptos para la alimentaci\u00f3n<\/li>\n<li>Disponemos de Registro Sanitario propio como inyectadores.<\/li>\n<li>Apto para el sector alimentario, sector del transporte, sector sanitario, jardiner\u00eda.<\/li>\n<\/ul>\n<p>&nbsp;<\/p>\n","protected":false},"excerpt":{"rendered":"<p>Precinto N\u00ba 6, para identificar los jamones, embutidos&#8230;.TODA LA TRAZABILIDAD de las piezas.<\/p>\n<p>PERFECTOS PARA CUMPLIMENTAR LA NORMA DEL IB\u00c9RICO 1\/2014<\/p>\n<p>APTO PARA TODO EL PROCESO DE SALACI\u00d3N DESDE LA MATANZA<\/p>\n<p>Somos fabricantes. Sistema patentado.<\/p>\n<p>Medidas: Tira 320 mm, cartela 45&#215;20<\/p>\n","protected":false},"featured_media":324,"template":"","meta":{"_joinchat":[]},"yoast_head":"<!-- This site is optimized with the Yoast SEO plugin v19.7.1 - https:\/\/yoast.com\/wordpress\/plugins\/seo\/ -->\n<title>PRECINTO PR6.2 - Bridas para la norma del ib\u00e9rico<\/title>\n<meta name=\"description\" content=\"PRECINTO PR6.2 - Bridas para la norma del ib\u00e9rico. Especialmente pensado para cierre de sacas, pieles, embutidos, jamones,\u00a0 camiones, carros...\" \/>\n<meta name=\"robots\" content=\"index, follow, max-snippet:-1, max-image-preview:large, max-video-preview:-1\" \/>\n<link rel=\"canonical\" href=\"https:\/\/www.segellexpres.com\/desarrollo\/producto\/precinto-pr6-2-bridas-para-la-norma-del-iberico\/\" \/>\n<meta property=\"og:locale\" content=\"es_ES\" \/>\n<meta property=\"og:type\" content=\"article\" \/>\n<meta property=\"og:title\" content=\"PRECINTO PR6.2 - Bridas para la norma del ib\u00e9rico\" \/>\n<meta property=\"og:description\" content=\"PRECINTO PR6.2 - Bridas para la norma del ib\u00e9rico. Especialmente pensado para cierre de sacas, pieles, embutidos, jamones,\u00a0 camiones, carros...\" \/>\n<meta property=\"og:url\" content=\"https:\/\/www.segellexpres.com\/desarrollo\/producto\/precinto-pr6-2-bridas-para-la-norma-del-iberico\/\" \/>\n<meta property=\"og:site_name\" content=\"Segell Expres - Marcaje Industrial Alimentario\" \/>\n<meta property=\"article:modified_time\" content=\"2023-10-10T07:36:57+00:00\" \/>\n<meta property=\"og:image\" content=\"https:\/\/www.segellexpres.com\/desarrollo\/wp-content\/uploads\/2018\/08\/PR6-8.jpg\" \/>\n\t<meta property=\"og:image:width\" content=\"1521\" \/>\n\t<meta property=\"og:image:height\" content=\"1689\" \/>\n\t<meta property=\"og:image:type\" content=\"image\/jpeg\" \/>\n<meta name=\"twitter:card\" content=\"summary_large_image\" \/>\n<meta name=\"twitter:label1\" content=\"Tiempo de lectura\" \/>\n\t<meta name=\"twitter:data1\" content=\"2 minutos\" \/>\n<script type=\"application\/ld+json\" class=\"yoast-schema-graph\">{\"@context\":\"https:\/\/schema.org\",\"@graph\":[{\"@type\":\"WebPage\",\"@id\":\"https:\/\/www.segellexpres.com\/desarrollo\/producto\/precinto-pr6-2-bridas-para-la-norma-del-iberico\/\",\"url\":\"https:\/\/www.segellexpres.com\/desarrollo\/producto\/precinto-pr6-2-bridas-para-la-norma-del-iberico\/\",\"name\":\"PRECINTO PR6.2 - Bridas para la norma del ib\u00e9rico\",\"isPartOf\":{\"@id\":\"https:\/\/www.segellexpres.com\/desarrollo\/#website\"},\"datePublished\":\"2023-10-10T07:30:04+00:00\",\"dateModified\":\"2023-10-10T07:36:57+00:00\",\"description\":\"PRECINTO PR6.2 - Bridas para la norma del ib\u00e9rico. Especialmente pensado para cierre de sacas, pieles, embutidos, jamones,\u00a0 camiones, carros...\",\"breadcrumb\":{\"@id\":\"https:\/\/www.segellexpres.com\/desarrollo\/producto\/precinto-pr6-2-bridas-para-la-norma-del-iberico\/#breadcrumb\"},\"inLanguage\":\"es\",\"potentialAction\":[{\"@type\":\"ReadAction\",\"target\":[\"https:\/\/www.segellexpres.com\/desarrollo\/producto\/precinto-pr6-2-bridas-para-la-norma-del-iberico\/\"]}]},{\"@type\":\"BreadcrumbList\",\"@id\":\"https:\/\/www.segellexpres.com\/desarrollo\/producto\/precinto-pr6-2-bridas-para-la-norma-del-iberico\/#breadcrumb\",\"itemListElement\":[{\"@type\":\"ListItem\",\"position\":1,\"name\":\"Portada\",\"item\":\"https:\/\/www.segellexpres.com\/\"},{\"@type\":\"ListItem\",\"position\":2,\"name\":\"Productos\",\"item\":\"https:\/\/www.segellexpres.com\/desarrollo\/productos\/\"},{\"@type\":\"ListItem\",\"position\":3,\"name\":\"PRECINTO PR6.2 &#8211; Bridas para la norma del ib\u00e9rico\"}]},{\"@type\":\"WebSite\",\"@id\":\"https:\/\/www.segellexpres.com\/desarrollo\/#website\",\"url\":\"https:\/\/www.segellexpres.com\/desarrollo\/\",\"name\":\"Segell Expres - Marcaje Industrial Alimentario\",\"description\":\"Material para trazabilidad, precintos de seguridad para mataderos, industrias alimentarias, sellos met\u00e1licos. Marcaje industrial alimentario\",\"publisher\":{\"@id\":\"https:\/\/www.segellexpres.com\/desarrollo\/#organization\"},\"potentialAction\":[{\"@type\":\"SearchAction\",\"target\":{\"@type\":\"EntryPoint\",\"urlTemplate\":\"https:\/\/www.segellexpres.com\/desarrollo\/?s={search_term_string}\"},\"query-input\":\"required name=search_term_string\"}],\"inLanguage\":\"es\"},{\"@type\":\"Organization\",\"@id\":\"https:\/\/www.segellexpres.com\/desarrollo\/#organization\",\"name\":\"Segell Expres - Marcaje Industrial Alimentario\",\"url\":\"https:\/\/www.segellexpres.com\/desarrollo\/\",\"sameAs\":[],\"logo\":{\"@type\":\"ImageObject\",\"inLanguage\":\"es\",\"@id\":\"https:\/\/www.segellexpres.com\/desarrollo\/#\/schema\/logo\/image\/\",\"url\":\"https:\/\/www.segellexpres.com\/desarrollo\/wp-content\/uploads\/2018\/07\/logo-segell_express.png\",\"contentUrl\":\"https:\/\/www.segellexpres.com\/desarrollo\/wp-content\/uploads\/2018\/07\/logo-segell_express.png\",\"width\":290,\"height\":70,\"caption\":\"Segell Expres - Marcaje Industrial Alimentario\"},\"image\":{\"@id\":\"https:\/\/www.segellexpres.com\/desarrollo\/#\/schema\/logo\/image\/\"}}]}<\/script>\n<!-- \/ Yoast SEO plugin. -->","yoast_head_json":{"title":"PRECINTO PR6.2 - Bridas para la norma del ib\u00e9rico","description":"PRECINTO PR6.2 - Bridas para la norma del ib\u00e9rico. Especialmente pensado para cierre de sacas, pieles, embutidos, jamones,\u00a0 camiones, carros...","robots":{"index":"index","follow":"follow","max-snippet":"max-snippet:-1","max-image-preview":"max-image-preview:large","max-video-preview":"max-video-preview:-1"},"canonical":"https:\/\/www.segellexpres.com\/desarrollo\/producto\/precinto-pr6-2-bridas-para-la-norma-del-iberico\/","og_locale":"es_ES","og_type":"article","og_title":"PRECINTO PR6.2 - Bridas para la norma del ib\u00e9rico","og_description":"PRECINTO PR6.2 - Bridas para la norma del ib\u00e9rico. Especialmente pensado para cierre de sacas, pieles, embutidos, jamones,\u00a0 camiones, carros...","og_url":"https:\/\/www.segellexpres.com\/desarrollo\/producto\/precinto-pr6-2-bridas-para-la-norma-del-iberico\/","og_site_name":"Segell Expres - Marcaje Industrial Alimentario","article_modified_time":"2023-10-10T07:36:57+00:00","og_image":[{"width":1521,"height":1689,"url":"https:\/\/www.segellexpres.com\/desarrollo\/wp-content\/uploads\/2018\/08\/PR6-8.jpg","type":"image\/jpeg"}],"twitter_card":"summary_large_image","twitter_misc":{"Tiempo de lectura":"2 minutos"},"schema":{"@context":"https:\/\/schema.org","@graph":[{"@type":"WebPage","@id":"https:\/\/www.segellexpres.com\/desarrollo\/producto\/precinto-pr6-2-bridas-para-la-norma-del-iberico\/","url":"https:\/\/www.segellexpres.com\/desarrollo\/producto\/precinto-pr6-2-bridas-para-la-norma-del-iberico\/","name":"PRECINTO PR6.2 - Bridas para la norma del ib\u00e9rico","isPartOf":{"@id":"https:\/\/www.segellexpres.com\/desarrollo\/#website"},"datePublished":"2023-10-10T07:30:04+00:00","dateModified":"2023-10-10T07:36:57+00:00","description":"PRECINTO PR6.2 - Bridas para la norma del ib\u00e9rico. Especialmente pensado para cierre de sacas, pieles, embutidos, jamones,\u00a0 camiones, carros...","breadcrumb":{"@id":"https:\/\/www.segellexpres.com\/desarrollo\/producto\/precinto-pr6-2-bridas-para-la-norma-del-iberico\/#breadcrumb"},"inLanguage":"es","potentialAction":[{"@type":"ReadAction","target":["https:\/\/www.segellexpres.com\/desarrollo\/producto\/precinto-pr6-2-bridas-para-la-norma-del-iberico\/"]}]},{"@type":"BreadcrumbList","@id":"https:\/\/www.segellexpres.com\/desarrollo\/producto\/precinto-pr6-2-bridas-para-la-norma-del-iberico\/#breadcrumb","itemListElement":[{"@type":"ListItem","position":1,"name":"Portada","item":"https:\/\/www.segellexpres.com\/"},{"@type":"ListItem","position":2,"name":"Productos","item":"https:\/\/www.segellexpres.com\/desarrollo\/productos\/"},{"@type":"ListItem","position":3,"name":"PRECINTO PR6.2 &#8211; Bridas para la norma del ib\u00e9rico"}]},{"@type":"WebSite","@id":"https:\/\/www.segellexpres.com\/desarrollo\/#website","url":"https:\/\/www.segellexpres.com\/desarrollo\/","name":"Segell Expres - Marcaje Industrial Alimentario","description":"Material para trazabilidad, precintos de seguridad para mataderos, industrias alimentarias, sellos met\u00e1licos. Marcaje industrial alimentario","publisher":{"@id":"https:\/\/www.segellexpres.com\/desarrollo\/#organization"},"potentialAction":[{"@type":"SearchAction","target":{"@type":"EntryPoint","urlTemplate":"https:\/\/www.segellexpres.com\/desarrollo\/?s={search_term_string}"},"query-input":"required name=search_term_string"}],"inLanguage":"es"},{"@type":"Organization","@id":"https:\/\/www.segellexpres.com\/desarrollo\/#organization","name":"Segell Expres - Marcaje Industrial Alimentario","url":"https:\/\/www.segellexpres.com\/desarrollo\/","sameAs":[],"logo":{"@type":"ImageObject","inLanguage":"es","@id":"https:\/\/www.segellexpres.com\/desarrollo\/#\/schema\/logo\/image\/","url":"https:\/\/www.segellexpres.com\/desarrollo\/wp-content\/uploads\/2018\/07\/logo-segell_express.png","contentUrl":"https:\/\/www.segellexpres.com\/desarrollo\/wp-content\/uploads\/2018\/07\/logo-segell_express.png","width":290,"height":70,"caption":"Segell Expres - Marcaje Industrial Alimentario"},"image":{"@id":"https:\/\/www.segellexpres.com\/desarrollo\/#\/schema\/logo\/image\/"}}]}},"amp_enabled":true,"_links":{"self":[{"href":"https:\/\/www.segellexpres.com\/desarrollo\/wp-json\/wp\/v2\/product\/1500"}],"collection":[{"href":"https:\/\/www.segellexpres.com\/desarrollo\/wp-json\/wp\/v2\/product"}],"about":[{"href":"https:\/\/www.segellexpres.com\/desarrollo\/wp-json\/wp\/v2\/types\/product"}],"wp:featuredmedia":[{"embeddable":true,"href":"https:\/\/www.segellexpres.com\/desarrollo\/wp-json\/wp\/v2\/media\/324"}],"wp:attachment":[{"href":"https:\/\/www.segellexpres.com\/desarrollo\/wp-json\/wp\/v2\/media?parent=1500"}],"curies":[{"name":"wp","href":"https:\/\/api.w.org\/{rel}","templated":true}]}}