{"id":1509,"date":"2023-10-10T08:00:05","date_gmt":"2023-10-10T08:00:05","guid":{"rendered":"https:\/\/www.segellexpres.com\/desarrollo\/?post_type=product&#038;p=1509"},"modified":"2023-10-10T08:06:00","modified_gmt":"2023-10-10T08:06:00","slug":"bidon-de-tinta-marron-ht-e-155-1l-ref-9-695","status":"publish","type":"product","link":"https:\/\/www.segellexpres.com\/desarrollo\/producto\/bidon-de-tinta-marron-ht-e-155-1l-ref-9-695\/","title":{"rendered":"Bid\u00f3n de Tinta Marr\u00f3n HT E-155 1L Ref. 9\/695"},"content":{"rendered":"<p><strong>Tintas de contacto para marcar carne, RESISTENTES A TODO EL PROCESO DE MADURACI\u00d3N, <\/strong>por lo que es primordial para la trazabilidad de la carne o Jam\u00f3n Ib\u00e9rico.<\/p>\n<p>Nuestras tintas est\u00e1n homologadas y patentadas, cumplen con las normativas alimentarias y disponen de\u00a0<strong>N\u00famero de Registro Sanitario Comunitario 31.002916\/B y 31.04864\/CAT<\/strong><\/p>\n<p>Estas tintas garantizan un marcaje perfecto sobre las carnes, aunque despu\u00e9s tengan un proceso de salado, ahumado o congelado.<\/p>\n<p>Se fabrican en los tres colores autorizados:<\/p>\n<ul>\n<li><a href=\"https:\/\/www.segellexpres.com\/desarrollo\/producto\/bidon-de-tinta-marron-ht-e-155-1l-ref-9-695\/\"><strong>XC 325 TINTA MARR\u00d3N HT E-155, Ref. 9\/695<\/strong><\/a><\/li>\n<li><a href=\"https:\/\/www.segellexpres.com\/desarrollo\/producto\/bidon-de-tinta-rojo-allura-ac-e-129-1l-ref-9-691\/\"><strong>XC 325 TINTA ROJO ALLURA AC E-129, Ref. 9\/691<\/strong><\/a><\/li>\n<li><a href=\"https:\/\/www.segellexpres.com\/desarrollo\/producto\/bidon-de-tinta-azul-brillante-fcf-e-133-1l-ref-9-51\/\"><strong>XC 325 TINTA AZUL BRILLANTE FCF E-133, Ref. 9\/51<\/strong><\/a><\/li>\n<\/ul>\n<p>Se pueden aplicar con tampones, sellos, rodillos, numeradores&#8230; Nuestras tintas salen de f\u00e1brica con precinto de seguridad, debidamente etiquetadas con n\u00famero de lote y fecha de caducidad, lo cual garantiza la trazabilidad del producto. Totalmente garantizadas por su fiabilidad y eficacia.<\/p>\n<p>Envases de 1 litro o bidones de 5 litros.<\/p>\n<p><strong>Disponen de Ficha T\u00e9cnica Sanitaria.<\/strong><\/p>\n","protected":false},"excerpt":{"rendered":"<p><strong>Tintas de contacto para marcar carne, RESISTENTES A TODO EL PROCESO DE MADURACI\u00d3N, <\/strong>por lo que es primordial para la trazabilidad de la carne o Jam\u00f3n Ib\u00e9rico.<\/p>\n<ul>\n<li><strong>XC 325 TINTA MARR\u00d3N HT E-155, Ref. 9\/695-1<\/strong><\/li>\n<li><strong>XC 325 TINTA ROJO ALLURA AC E-129, Ref. 9\/691-1<\/strong><\/li>\n<li><strong>XC 325 TINTA AZUL BRILLANTE FCF E-133, Ref. 9\/692-1<\/strong><\/li>\n<\/ul>\n","protected":false},"featured_media":746,"template":"","meta":{"_joinchat":[]},"yoast_head":"<!-- This site is optimized with the Yoast SEO plugin v19.7.1 - https:\/\/yoast.com\/wordpress\/plugins\/seo\/ -->\n<title>Bid\u00f3n de Tinta Marr\u00f3n HT E-155 1L Ref. 9\/695 - Segell Expres - Marcaje Industrial Alimentario<\/title>\n<meta name=\"robots\" content=\"index, follow, max-snippet:-1, max-image-preview:large, max-video-preview:-1\" \/>\n<link rel=\"canonical\" href=\"https:\/\/www.segellexpres.com\/desarrollo\/producto\/bidon-de-tinta-marron-ht-e-155-1l-ref-9-695\/\" \/>\n<meta property=\"og:locale\" content=\"es_ES\" \/>\n<meta property=\"og:type\" content=\"article\" \/>\n<meta property=\"og:title\" content=\"Bid\u00f3n de Tinta Marr\u00f3n HT E-155 1L Ref. 9\/695 - Segell Expres - Marcaje Industrial Alimentario\" \/>\n<meta property=\"og:description\" content=\"Tintas de contacto para marcar carne, RESISTENTES A TODO EL PROCESO DE MADURACI\u00d3N, por lo que es primordial para la trazabilidad de la carne o Jam\u00f3n Ib\u00e9rico.   XC 325 TINTA MARR\u00d3N HT E-155, Ref. 9\/695-1  XC 325 TINTA ROJO ALLURA AC E-129, Ref. 9\/691-1  XC 325 TINTA AZUL BRILLANTE FCF E-133, Ref. 9\/692-1\" \/>\n<meta property=\"og:url\" content=\"https:\/\/www.segellexpres.com\/desarrollo\/producto\/bidon-de-tinta-marron-ht-e-155-1l-ref-9-695\/\" \/>\n<meta property=\"og:site_name\" content=\"Segell Expres - Marcaje Industrial Alimentario\" \/>\n<meta property=\"article:modified_time\" content=\"2023-10-10T08:06:00+00:00\" \/>\n<meta property=\"og:image\" content=\"https:\/\/www.segellexpres.com\/desarrollo\/wp-content\/uploads\/2018\/10\/9.691-anuncio-tintas-alimentaria-rojo-azul-marron.jpg\" \/>\n\t<meta property=\"og:image:width\" content=\"3840\" \/>\n\t<meta property=\"og:image:height\" content=\"3840\" \/>\n\t<meta property=\"og:image:type\" content=\"image\/jpeg\" \/>\n<meta name=\"twitter:card\" content=\"summary_large_image\" \/>\n<meta name=\"twitter:label1\" content=\"Tiempo de lectura\" \/>\n\t<meta name=\"twitter:data1\" content=\"1 minuto\" \/>\n<script type=\"application\/ld+json\" class=\"yoast-schema-graph\">{\"@context\":\"https:\/\/schema.org\",\"@graph\":[{\"@type\":\"WebPage\",\"@id\":\"https:\/\/www.segellexpres.com\/desarrollo\/producto\/bidon-de-tinta-marron-ht-e-155-1l-ref-9-695\/\",\"url\":\"https:\/\/www.segellexpres.com\/desarrollo\/producto\/bidon-de-tinta-marron-ht-e-155-1l-ref-9-695\/\",\"name\":\"Bid\u00f3n de Tinta Marr\u00f3n HT E-155 1L Ref. 9\/695 - Segell Expres - Marcaje Industrial Alimentario\",\"isPartOf\":{\"@id\":\"https:\/\/www.segellexpres.com\/desarrollo\/#website\"},\"datePublished\":\"2023-10-10T08:00:05+00:00\",\"dateModified\":\"2023-10-10T08:06:00+00:00\",\"breadcrumb\":{\"@id\":\"https:\/\/www.segellexpres.com\/desarrollo\/producto\/bidon-de-tinta-marron-ht-e-155-1l-ref-9-695\/#breadcrumb\"},\"inLanguage\":\"es\",\"potentialAction\":[{\"@type\":\"ReadAction\",\"target\":[\"https:\/\/www.segellexpres.com\/desarrollo\/producto\/bidon-de-tinta-marron-ht-e-155-1l-ref-9-695\/\"]}]},{\"@type\":\"BreadcrumbList\",\"@id\":\"https:\/\/www.segellexpres.com\/desarrollo\/producto\/bidon-de-tinta-marron-ht-e-155-1l-ref-9-695\/#breadcrumb\",\"itemListElement\":[{\"@type\":\"ListItem\",\"position\":1,\"name\":\"Portada\",\"item\":\"https:\/\/www.segellexpres.com\/\"},{\"@type\":\"ListItem\",\"position\":2,\"name\":\"Productos\",\"item\":\"https:\/\/www.segellexpres.com\/desarrollo\/productos\/\"},{\"@type\":\"ListItem\",\"position\":3,\"name\":\"Bid\u00f3n de Tinta Marr\u00f3n HT E-155 1L Ref. 9\/695\"}]},{\"@type\":\"WebSite\",\"@id\":\"https:\/\/www.segellexpres.com\/desarrollo\/#website\",\"url\":\"https:\/\/www.segellexpres.com\/desarrollo\/\",\"name\":\"Segell Expres - Marcaje Industrial Alimentario\",\"description\":\"Material para trazabilidad, precintos de seguridad para mataderos, industrias alimentarias, sellos met\u00e1licos. Marcaje industrial alimentario\",\"publisher\":{\"@id\":\"https:\/\/www.segellexpres.com\/desarrollo\/#organization\"},\"potentialAction\":[{\"@type\":\"SearchAction\",\"target\":{\"@type\":\"EntryPoint\",\"urlTemplate\":\"https:\/\/www.segellexpres.com\/desarrollo\/?s={search_term_string}\"},\"query-input\":\"required name=search_term_string\"}],\"inLanguage\":\"es\"},{\"@type\":\"Organization\",\"@id\":\"https:\/\/www.segellexpres.com\/desarrollo\/#organization\",\"name\":\"Segell Expres - Marcaje Industrial Alimentario\",\"url\":\"https:\/\/www.segellexpres.com\/desarrollo\/\",\"sameAs\":[],\"logo\":{\"@type\":\"ImageObject\",\"inLanguage\":\"es\",\"@id\":\"https:\/\/www.segellexpres.com\/desarrollo\/#\/schema\/logo\/image\/\",\"url\":\"https:\/\/www.segellexpres.com\/desarrollo\/wp-content\/uploads\/2018\/07\/logo-segell_express.png\",\"contentUrl\":\"https:\/\/www.segellexpres.com\/desarrollo\/wp-content\/uploads\/2018\/07\/logo-segell_express.png\",\"width\":290,\"height\":70,\"caption\":\"Segell Expres - Marcaje Industrial Alimentario\"},\"image\":{\"@id\":\"https:\/\/www.segellexpres.com\/desarrollo\/#\/schema\/logo\/image\/\"}}]}<\/script>\n<!-- \/ Yoast SEO plugin. -->","yoast_head_json":{"title":"Bid\u00f3n de Tinta Marr\u00f3n HT E-155 1L Ref. 9\/695 - Segell Expres - Marcaje Industrial Alimentario","robots":{"index":"index","follow":"follow","max-snippet":"max-snippet:-1","max-image-preview":"max-image-preview:large","max-video-preview":"max-video-preview:-1"},"canonical":"https:\/\/www.segellexpres.com\/desarrollo\/producto\/bidon-de-tinta-marron-ht-e-155-1l-ref-9-695\/","og_locale":"es_ES","og_type":"article","og_title":"Bid\u00f3n de Tinta Marr\u00f3n HT E-155 1L Ref. 9\/695 - Segell Expres - Marcaje Industrial Alimentario","og_description":"Tintas de contacto para marcar carne, RESISTENTES A TODO EL PROCESO DE MADURACI\u00d3N, por lo que es primordial para la trazabilidad de la carne o Jam\u00f3n Ib\u00e9rico.   XC 325 TINTA MARR\u00d3N HT E-155, Ref. 9\/695-1  XC 325 TINTA ROJO ALLURA AC E-129, Ref. 9\/691-1  XC 325 TINTA AZUL BRILLANTE FCF E-133, Ref. 9\/692-1","og_url":"https:\/\/www.segellexpres.com\/desarrollo\/producto\/bidon-de-tinta-marron-ht-e-155-1l-ref-9-695\/","og_site_name":"Segell Expres - Marcaje Industrial Alimentario","article_modified_time":"2023-10-10T08:06:00+00:00","og_image":[{"width":3840,"height":3840,"url":"https:\/\/www.segellexpres.com\/desarrollo\/wp-content\/uploads\/2018\/10\/9.691-anuncio-tintas-alimentaria-rojo-azul-marron.jpg","type":"image\/jpeg"}],"twitter_card":"summary_large_image","twitter_misc":{"Tiempo de lectura":"1 minuto"},"schema":{"@context":"https:\/\/schema.org","@graph":[{"@type":"WebPage","@id":"https:\/\/www.segellexpres.com\/desarrollo\/producto\/bidon-de-tinta-marron-ht-e-155-1l-ref-9-695\/","url":"https:\/\/www.segellexpres.com\/desarrollo\/producto\/bidon-de-tinta-marron-ht-e-155-1l-ref-9-695\/","name":"Bid\u00f3n de Tinta Marr\u00f3n HT E-155 1L Ref. 9\/695 - Segell Expres - Marcaje Industrial Alimentario","isPartOf":{"@id":"https:\/\/www.segellexpres.com\/desarrollo\/#website"},"datePublished":"2023-10-10T08:00:05+00:00","dateModified":"2023-10-10T08:06:00+00:00","breadcrumb":{"@id":"https:\/\/www.segellexpres.com\/desarrollo\/producto\/bidon-de-tinta-marron-ht-e-155-1l-ref-9-695\/#breadcrumb"},"inLanguage":"es","potentialAction":[{"@type":"ReadAction","target":["https:\/\/www.segellexpres.com\/desarrollo\/producto\/bidon-de-tinta-marron-ht-e-155-1l-ref-9-695\/"]}]},{"@type":"BreadcrumbList","@id":"https:\/\/www.segellexpres.com\/desarrollo\/producto\/bidon-de-tinta-marron-ht-e-155-1l-ref-9-695\/#breadcrumb","itemListElement":[{"@type":"ListItem","position":1,"name":"Portada","item":"https:\/\/www.segellexpres.com\/"},{"@type":"ListItem","position":2,"name":"Productos","item":"https:\/\/www.segellexpres.com\/desarrollo\/productos\/"},{"@type":"ListItem","position":3,"name":"Bid\u00f3n de Tinta Marr\u00f3n HT E-155 1L Ref. 9\/695"}]},{"@type":"WebSite","@id":"https:\/\/www.segellexpres.com\/desarrollo\/#website","url":"https:\/\/www.segellexpres.com\/desarrollo\/","name":"Segell Expres - Marcaje Industrial Alimentario","description":"Material para trazabilidad, precintos de seguridad para mataderos, industrias alimentarias, sellos met\u00e1licos. Marcaje industrial alimentario","publisher":{"@id":"https:\/\/www.segellexpres.com\/desarrollo\/#organization"},"potentialAction":[{"@type":"SearchAction","target":{"@type":"EntryPoint","urlTemplate":"https:\/\/www.segellexpres.com\/desarrollo\/?s={search_term_string}"},"query-input":"required name=search_term_string"}],"inLanguage":"es"},{"@type":"Organization","@id":"https:\/\/www.segellexpres.com\/desarrollo\/#organization","name":"Segell Expres - Marcaje Industrial Alimentario","url":"https:\/\/www.segellexpres.com\/desarrollo\/","sameAs":[],"logo":{"@type":"ImageObject","inLanguage":"es","@id":"https:\/\/www.segellexpres.com\/desarrollo\/#\/schema\/logo\/image\/","url":"https:\/\/www.segellexpres.com\/desarrollo\/wp-content\/uploads\/2018\/07\/logo-segell_express.png","contentUrl":"https:\/\/www.segellexpres.com\/desarrollo\/wp-content\/uploads\/2018\/07\/logo-segell_express.png","width":290,"height":70,"caption":"Segell Expres - Marcaje Industrial Alimentario"},"image":{"@id":"https:\/\/www.segellexpres.com\/desarrollo\/#\/schema\/logo\/image\/"}}]}},"amp_enabled":true,"_links":{"self":[{"href":"https:\/\/www.segellexpres.com\/desarrollo\/wp-json\/wp\/v2\/product\/1509"}],"collection":[{"href":"https:\/\/www.segellexpres.com\/desarrollo\/wp-json\/wp\/v2\/product"}],"about":[{"href":"https:\/\/www.segellexpres.com\/desarrollo\/wp-json\/wp\/v2\/types\/product"}],"wp:featuredmedia":[{"embeddable":true,"href":"https:\/\/www.segellexpres.com\/desarrollo\/wp-json\/wp\/v2\/media\/746"}],"wp:attachment":[{"href":"https:\/\/www.segellexpres.com\/desarrollo\/wp-json\/wp\/v2\/media?parent=1509"}],"curies":[{"name":"wp","href":"https:\/\/api.w.org\/{rel}","templated":true}]}}