{"id":640,"date":"2018-10-03T15:17:05","date_gmt":"2018-10-03T15:17:05","guid":{"rendered":"http:\/\/www.marcajeindustrialalimentario.com\/?post_type=product&#038;p=640"},"modified":"2023-09-29T08:05:03","modified_gmt":"2023-09-29T08:05:03","slug":"pistola-carnica-tome-san-ref-1-209","status":"publish","type":"product","link":"https:\/\/www.segellexpres.com\/desarrollo\/producto\/pistola-carnica-tome-san-ref-1-209\/","title":{"rendered":"Pistola c\u00e1rnica TOME-SAN Ref. 1\/209"},"content":{"rendered":"<p><strong>PISTOLA DE NAVETS ESPECIAL C\u00c1RNICA, <\/strong>m\u00e1s ligera y suave, con\u00a0algunas piezas en su interior en acero inoxidable, el exterior es de pl\u00e1stico resistente, la aguja de acero inoxidable algo m\u00e1s gruesa as\u00ed ofrece mayor durabilidad.<\/p>\n<p>Perfecta para\u00a0<strong>navets de pl\u00e1stico de uso c\u00e1rnico alimentario<\/strong>, homologados CE.<\/p>\n<p>Las agujas se venden en cajas de 5 unidades.<\/p>\n<p><strong>Ref. 1\/209<\/strong><\/p>\n","protected":false},"excerpt":{"rendered":"<p><strong>PISTOLA DE NAVETS ESPECIAL C\u00c1RNICA, <\/strong>m\u00e1s ligera y suave, con\u00a0algunas piezas en su interior en acero inoxidable, el exterior es de pl\u00e1stico resistente, la aguja de acero inoxidable algo m\u00e1s gruesa as\u00ed ofrece mayor durabilidad.<\/p>\n<p><strong>Ref. 1\/209<\/strong><\/p>\n<p>&nbsp;<\/p>\n","protected":false},"featured_media":700,"template":"","meta":{"_joinchat":[]},"yoast_head":"<!-- This site is optimized with the Yoast SEO plugin v19.7.1 - https:\/\/yoast.com\/wordpress\/plugins\/seo\/ -->\n<title>Pistola c\u00e1rnica TOME-SAN Ref. 1\/209 - Segell Expres - Marcaje Industrial Alimentario<\/title>\n<meta name=\"robots\" content=\"index, follow, max-snippet:-1, max-image-preview:large, max-video-preview:-1\" \/>\n<link rel=\"canonical\" href=\"https:\/\/www.segellexpres.com\/desarrollo\/producto\/pistola-carnica-tome-san-ref-1-209\/\" \/>\n<meta property=\"og:locale\" content=\"es_ES\" \/>\n<meta property=\"og:type\" content=\"article\" \/>\n<meta property=\"og:title\" content=\"Pistola c\u00e1rnica TOME-SAN Ref. 1\/209 - Segell Expres - Marcaje Industrial Alimentario\" \/>\n<meta property=\"og:description\" content=\"PISTOLA DE NAVETS ESPECIAL C\u00c1RNICA, m\u00e1s ligera y suave, con\u00a0algunas piezas en su interior en acero inoxidable, el exterior es de pl\u00e1stico resistente, la aguja de acero inoxidable algo m\u00e1s gruesa as\u00ed ofrece mayor durabilidad.  Ref. 1\/209  &nbsp;\" \/>\n<meta property=\"og:url\" content=\"https:\/\/www.segellexpres.com\/desarrollo\/producto\/pistola-carnica-tome-san-ref-1-209\/\" \/>\n<meta property=\"og:site_name\" content=\"Segell Expres - Marcaje Industrial Alimentario\" \/>\n<meta property=\"article:modified_time\" content=\"2023-09-29T08:05:03+00:00\" \/>\n<meta property=\"og:image\" content=\"https:\/\/www.segellexpres.com\/desarrollo\/wp-content\/uploads\/2018\/10\/1.209-pistola-navets-tomeSan-1.jpg\" \/>\n\t<meta property=\"og:image:width\" content=\"886\" \/>\n\t<meta property=\"og:image:height\" content=\"886\" \/>\n\t<meta property=\"og:image:type\" content=\"image\/jpeg\" \/>\n<meta name=\"twitter:card\" content=\"summary_large_image\" \/>\n<meta name=\"twitter:label1\" content=\"Tiempo de lectura\" \/>\n\t<meta name=\"twitter:data1\" content=\"1 minuto\" \/>\n<script type=\"application\/ld+json\" class=\"yoast-schema-graph\">{\"@context\":\"https:\/\/schema.org\",\"@graph\":[{\"@type\":\"WebPage\",\"@id\":\"https:\/\/www.segellexpres.com\/desarrollo\/producto\/pistola-carnica-tome-san-ref-1-209\/\",\"url\":\"https:\/\/www.segellexpres.com\/desarrollo\/producto\/pistola-carnica-tome-san-ref-1-209\/\",\"name\":\"Pistola c\u00e1rnica TOME-SAN Ref. 1\/209 - Segell Expres - Marcaje Industrial Alimentario\",\"isPartOf\":{\"@id\":\"https:\/\/www.segellexpres.com\/desarrollo\/#website\"},\"datePublished\":\"2018-10-03T15:17:05+00:00\",\"dateModified\":\"2023-09-29T08:05:03+00:00\",\"breadcrumb\":{\"@id\":\"https:\/\/www.segellexpres.com\/desarrollo\/producto\/pistola-carnica-tome-san-ref-1-209\/#breadcrumb\"},\"inLanguage\":\"es\",\"potentialAction\":[{\"@type\":\"ReadAction\",\"target\":[\"https:\/\/www.segellexpres.com\/desarrollo\/producto\/pistola-carnica-tome-san-ref-1-209\/\"]}]},{\"@type\":\"BreadcrumbList\",\"@id\":\"https:\/\/www.segellexpres.com\/desarrollo\/producto\/pistola-carnica-tome-san-ref-1-209\/#breadcrumb\",\"itemListElement\":[{\"@type\":\"ListItem\",\"position\":1,\"name\":\"Portada\",\"item\":\"https:\/\/www.segellexpres.com\/\"},{\"@type\":\"ListItem\",\"position\":2,\"name\":\"Productos\",\"item\":\"https:\/\/www.segellexpres.com\/desarrollo\/productos\/\"},{\"@type\":\"ListItem\",\"position\":3,\"name\":\"Pistola c\u00e1rnica TOME-SAN Ref. 1\/209\"}]},{\"@type\":\"WebSite\",\"@id\":\"https:\/\/www.segellexpres.com\/desarrollo\/#website\",\"url\":\"https:\/\/www.segellexpres.com\/desarrollo\/\",\"name\":\"Segell Expres - Marcaje Industrial Alimentario\",\"description\":\"Material para trazabilidad, precintos de seguridad para mataderos, industrias alimentarias, sellos met\u00e1licos. Marcaje industrial alimentario\",\"publisher\":{\"@id\":\"https:\/\/www.segellexpres.com\/desarrollo\/#organization\"},\"potentialAction\":[{\"@type\":\"SearchAction\",\"target\":{\"@type\":\"EntryPoint\",\"urlTemplate\":\"https:\/\/www.segellexpres.com\/desarrollo\/?s={search_term_string}\"},\"query-input\":\"required name=search_term_string\"}],\"inLanguage\":\"es\"},{\"@type\":\"Organization\",\"@id\":\"https:\/\/www.segellexpres.com\/desarrollo\/#organization\",\"name\":\"Segell Expres - Marcaje Industrial Alimentario\",\"url\":\"https:\/\/www.segellexpres.com\/desarrollo\/\",\"sameAs\":[],\"logo\":{\"@type\":\"ImageObject\",\"inLanguage\":\"es\",\"@id\":\"https:\/\/www.segellexpres.com\/desarrollo\/#\/schema\/logo\/image\/\",\"url\":\"https:\/\/www.segellexpres.com\/desarrollo\/wp-content\/uploads\/2018\/07\/logo-segell_express.png\",\"contentUrl\":\"https:\/\/www.segellexpres.com\/desarrollo\/wp-content\/uploads\/2018\/07\/logo-segell_express.png\",\"width\":290,\"height\":70,\"caption\":\"Segell Expres - Marcaje Industrial Alimentario\"},\"image\":{\"@id\":\"https:\/\/www.segellexpres.com\/desarrollo\/#\/schema\/logo\/image\/\"}}]}<\/script>\n<!-- \/ Yoast SEO plugin. -->","yoast_head_json":{"title":"Pistola c\u00e1rnica TOME-SAN Ref. 1\/209 - Segell Expres - Marcaje Industrial Alimentario","robots":{"index":"index","follow":"follow","max-snippet":"max-snippet:-1","max-image-preview":"max-image-preview:large","max-video-preview":"max-video-preview:-1"},"canonical":"https:\/\/www.segellexpres.com\/desarrollo\/producto\/pistola-carnica-tome-san-ref-1-209\/","og_locale":"es_ES","og_type":"article","og_title":"Pistola c\u00e1rnica TOME-SAN Ref. 1\/209 - Segell Expres - Marcaje Industrial Alimentario","og_description":"PISTOLA DE NAVETS ESPECIAL C\u00c1RNICA, m\u00e1s ligera y suave, con\u00a0algunas piezas en su interior en acero inoxidable, el exterior es de pl\u00e1stico resistente, la aguja de acero inoxidable algo m\u00e1s gruesa as\u00ed ofrece mayor durabilidad.  Ref. 1\/209  &nbsp;","og_url":"https:\/\/www.segellexpres.com\/desarrollo\/producto\/pistola-carnica-tome-san-ref-1-209\/","og_site_name":"Segell Expres - Marcaje Industrial Alimentario","article_modified_time":"2023-09-29T08:05:03+00:00","og_image":[{"width":886,"height":886,"url":"https:\/\/www.segellexpres.com\/desarrollo\/wp-content\/uploads\/2018\/10\/1.209-pistola-navets-tomeSan-1.jpg","type":"image\/jpeg"}],"twitter_card":"summary_large_image","twitter_misc":{"Tiempo de lectura":"1 minuto"},"schema":{"@context":"https:\/\/schema.org","@graph":[{"@type":"WebPage","@id":"https:\/\/www.segellexpres.com\/desarrollo\/producto\/pistola-carnica-tome-san-ref-1-209\/","url":"https:\/\/www.segellexpres.com\/desarrollo\/producto\/pistola-carnica-tome-san-ref-1-209\/","name":"Pistola c\u00e1rnica TOME-SAN Ref. 1\/209 - Segell Expres - Marcaje Industrial Alimentario","isPartOf":{"@id":"https:\/\/www.segellexpres.com\/desarrollo\/#website"},"datePublished":"2018-10-03T15:17:05+00:00","dateModified":"2023-09-29T08:05:03+00:00","breadcrumb":{"@id":"https:\/\/www.segellexpres.com\/desarrollo\/producto\/pistola-carnica-tome-san-ref-1-209\/#breadcrumb"},"inLanguage":"es","potentialAction":[{"@type":"ReadAction","target":["https:\/\/www.segellexpres.com\/desarrollo\/producto\/pistola-carnica-tome-san-ref-1-209\/"]}]},{"@type":"BreadcrumbList","@id":"https:\/\/www.segellexpres.com\/desarrollo\/producto\/pistola-carnica-tome-san-ref-1-209\/#breadcrumb","itemListElement":[{"@type":"ListItem","position":1,"name":"Portada","item":"https:\/\/www.segellexpres.com\/"},{"@type":"ListItem","position":2,"name":"Productos","item":"https:\/\/www.segellexpres.com\/desarrollo\/productos\/"},{"@type":"ListItem","position":3,"name":"Pistola c\u00e1rnica TOME-SAN Ref. 1\/209"}]},{"@type":"WebSite","@id":"https:\/\/www.segellexpres.com\/desarrollo\/#website","url":"https:\/\/www.segellexpres.com\/desarrollo\/","name":"Segell Expres - Marcaje Industrial Alimentario","description":"Material para trazabilidad, precintos de seguridad para mataderos, industrias alimentarias, sellos met\u00e1licos. Marcaje industrial alimentario","publisher":{"@id":"https:\/\/www.segellexpres.com\/desarrollo\/#organization"},"potentialAction":[{"@type":"SearchAction","target":{"@type":"EntryPoint","urlTemplate":"https:\/\/www.segellexpres.com\/desarrollo\/?s={search_term_string}"},"query-input":"required name=search_term_string"}],"inLanguage":"es"},{"@type":"Organization","@id":"https:\/\/www.segellexpres.com\/desarrollo\/#organization","name":"Segell Expres - Marcaje Industrial Alimentario","url":"https:\/\/www.segellexpres.com\/desarrollo\/","sameAs":[],"logo":{"@type":"ImageObject","inLanguage":"es","@id":"https:\/\/www.segellexpres.com\/desarrollo\/#\/schema\/logo\/image\/","url":"https:\/\/www.segellexpres.com\/desarrollo\/wp-content\/uploads\/2018\/07\/logo-segell_express.png","contentUrl":"https:\/\/www.segellexpres.com\/desarrollo\/wp-content\/uploads\/2018\/07\/logo-segell_express.png","width":290,"height":70,"caption":"Segell Expres - Marcaje Industrial Alimentario"},"image":{"@id":"https:\/\/www.segellexpres.com\/desarrollo\/#\/schema\/logo\/image\/"}}]}},"amp_enabled":true,"_links":{"self":[{"href":"https:\/\/www.segellexpres.com\/desarrollo\/wp-json\/wp\/v2\/product\/640"}],"collection":[{"href":"https:\/\/www.segellexpres.com\/desarrollo\/wp-json\/wp\/v2\/product"}],"about":[{"href":"https:\/\/www.segellexpres.com\/desarrollo\/wp-json\/wp\/v2\/types\/product"}],"wp:featuredmedia":[{"embeddable":true,"href":"https:\/\/www.segellexpres.com\/desarrollo\/wp-json\/wp\/v2\/media\/700"}],"wp:attachment":[{"href":"https:\/\/www.segellexpres.com\/desarrollo\/wp-json\/wp\/v2\/media?parent=640"}],"curies":[{"name":"wp","href":"https:\/\/api.w.org\/{rel}","templated":true}]}}